{"id":1916,"date":"2014-12-09T11:41:40","date_gmt":"2014-12-09T11:41:40","guid":{"rendered":"http:\/\/www.comunello.com\/gate-2\/"},"modified":"2025-12-02T16:13:53","modified_gmt":"2025-12-02T14:13:53","slug":"gate","status":"publish","type":"page","link":"https:\/\/www.comunello.com\/de\/gate\/","title":{"rendered":"GATE"},"content":{"rendered":"<p>[vc_row css_animation=&#8220;&#8220; row_type=&#8220;row&#8220; use_row_as_full_screen_section=&#8220;no&#8220; type=&#8220;full_width&#8220; angled_section=&#8220;no&#8220; text_align=&#8220;left&#8220; background_image_as_pattern=&#8220;without_pattern&#8220; background_color=&#8220;#f2f2f2&#8243;][vc_column][vc_empty_space height=&#8220;70&#8243;][vc_row_inner row_type=&#8220;row&#8220; type=&#8220;grid&#8220; text_align=&#8220;left&#8220; css_animation=&#8220;&#8220;][vc_column_inner offset=&#8220;vc_hidden-sm vc_hidden-xs&#8220;][vc_column_text css=&#8220;.vc_custom_1496819589754{padding-left: 5px !important;}&#8220;]<\/p>\n<p class=\"titoletto_divisione\" style=\"text-align: left;\">Zubeh\u00f6ren f\u00fcr Tore und Industrietore<\/p>\n<p>[\/vc_column_text][\/vc_column_inner][\/vc_row_inner][\/vc_column][\/vc_row][vc_row css_animation=&#8220;&#8220; row_type=&#8220;row&#8220; use_row_as_full_screen_section=&#8220;no&#8220; type=&#8220;full_width&#8220; angled_section=&#8220;no&#8220; text_align=&#8220;left&#8220; background_image_as_pattern=&#8220;without_pattern&#8220; border_color=&#8220;#d8d8d8&#8243; padding_top=&#8220;0&#8243;][vc_column][vc_column_text css=&#8220;.vc_custom_1700814150957{padding-bottom: 1px !important;}&#8220;]\n\t\t\t<!-- START GATE \/ 2023 REVOLUTION SLIDER 6.4.6 --><p class=\"rs-p-wp-fix\"><\/p>\n\t\t\t<rs-module-wrap id=\"rev_slider_511_1_wrapper\" data-source=\"gallery\" style=\"background:#dadada;padding:0;margin:0px auto;margin-top:0;margin-bottom:0;max-width:;\">\n\t\t\t\t<rs-module id=\"rev_slider_511_1\" style=\"\" data-version=\"6.4.6\">\n\t\t\t\t\t<rs-slides>\n\t\t\t\t\t\t<rs-slide data-key=\"rs-2227\" data-title=\"CANTILEVER LIMIT FORT\" data-duration=\"4000ms\" data-anim=\"ms:1400ms;\" data-in=\"o:0;\" data-out=\"a:false;\">\n\t\t\t\t\t\t\t<img src=\"\/\/www.comunello.com\/wp-content\/uploads\/2023\/09\/01-render_CantileverLimit_ambientato-larga-2400.jpg\" alt=\"01 render CantileverLimit ambientato larga 2400\" title=\"01 render CantileverLimit ambientato larga 2400\" width=\"2400\" height=\"1120\" class=\"rev-slidebg tp-rs-img\" data-bg=\"p:center bottom;\" data-no-retina>\n<!---->\t\t\t\t\t\t<\/rs-slide>\n\t\t\t\t\t\t<rs-slide data-key=\"rs-2228\" data-title=\"RYSING\" data-duration=\"4000ms\" data-anim=\"ms:1400ms;\" data-in=\"o:0;\" data-out=\"a:false;\">\n\t\t\t\t\t\t\t<img src=\"\/\/www.comunello.com\/wp-content\/uploads\/2023\/09\/02-render_rysing_ambientato-larga-2400.jpg\" alt=\"02 render rysing ambientato larga 2400\" title=\"02 render rysing ambientato larga 2400\" width=\"2400\" height=\"1120\" class=\"rev-slidebg tp-rs-img\" data-bg=\"p:0% 80%;\" data-no-retina>\n<!---->\t\t\t\t\t\t<\/rs-slide>\n\t\t\t\t\t\t<rs-slide data-key=\"rs-2229\" data-title=\"BULLET\" data-duration=\"4000ms\" data-anim=\"ms:1400ms;\" data-in=\"o:0;\" data-out=\"a:false;\">\n\t\t\t\t\t\t\t<img src=\"\/\/www.comunello.com\/wp-content\/uploads\/2023\/09\/03-render_Bullet_ambientato-2400-1.jpg\" alt=\"03 render Bullet ambientato 2400 1\" title=\"03 render Bullet ambientato 2400 1\" width=\"2400\" height=\"1028\" class=\"rev-slidebg tp-rs-img\" data-bg=\"p:0% 80%;\" data-no-retina>\n<!---->\t\t\t\t\t\t<\/rs-slide>\n\t\t\t\t\t\t<rs-slide data-key=\"rs-2230\" data-title=\"RANGER\" data-duration=\"2000ms\" data-anim=\"ms:1400ms;\" data-in=\"o:0;\" data-out=\"a:false;\">\n\t\t\t\t\t\t\t<img src=\"\/\/www.comunello.com\/wp-content\/uploads\/2023\/09\/04-render_Ranger_ambientato-largo-A-2400-1.jpg\" alt=\"04 render Ranger ambientato largo A 2400 1\" title=\"04 render Ranger ambientato largo A 2400 1\" width=\"2400\" height=\"1074\" class=\"rev-slidebg tp-rs-img\" data-bg=\"p:0% 80%;\" data-no-retina>\n<!---->\t\t\t\t\t\t<\/rs-slide>\n\t\t\t\t\t\t<rs-slide data-key=\"rs-2231\" data-title=\"RANGER 2\" data-duration=\"2000ms\" data-anim=\"ms:1400ms;\" data-in=\"o:0;\" data-out=\"a:false;\">\n\t\t\t\t\t\t\t<img src=\"\/\/www.comunello.com\/wp-content\/uploads\/2023\/09\/05-render_Ranger_ambientato-largo-B-2400-1.jpg\" alt=\"05 render Ranger ambientato largo B 2400 1\" title=\"05 render Ranger ambientato largo B 2400 1\" width=\"2400\" height=\"1074\" class=\"rev-slidebg tp-rs-img\" data-bg=\"p:0% 80%;\" data-no-retina>\n<!---->\t\t\t\t\t\t<\/rs-slide>\n\t\t\t\t\t\t<rs-slide data-key=\"rs-2232\" data-title=\"RANGER 3\" data-duration=\"2000ms\" data-anim=\"ms:1400ms;\" data-in=\"o:0;\" data-out=\"a:false;\">\n\t\t\t\t\t\t\t<img src=\"\/\/www.comunello.com\/wp-content\/uploads\/2023\/09\/06-render_Ranger_ambientato-largo-C-2400.jpg\" alt=\"06 render Ranger ambientato largo C 2400\" title=\"06 render Ranger ambientato largo C 2400\" width=\"2400\" height=\"1074\" class=\"rev-slidebg tp-rs-img\" data-bg=\"p:0% 80%;\" data-no-retina>\n<!---->\t\t\t\t\t\t<\/rs-slide>\n\t\t\t\t\t\t<rs-slide data-key=\"rs-2234\" data-title=\"ALBATROS 1\" data-duration=\"2000ms\" data-anim=\"ms:1400ms;\" data-in=\"o:0;\" data-out=\"a:false;\">\n\t\t\t\t\t\t\t<img src=\"\/\/www.comunello.com\/wp-content\/uploads\/2023\/09\/08-render_Albatros_ambientato-largo-A-2400.jpg\" alt=\"08 render Albatros ambientato largo A 2400\" title=\"08 render Albatros ambientato largo A 2400\" width=\"2400\" height=\"1131\" class=\"rev-slidebg tp-rs-img\" data-bg=\"p:0% 80%;\" data-no-retina>\n<!---->\t\t\t\t\t\t<\/rs-slide>\n\t\t\t\t\t\t<rs-slide data-key=\"rs-2235\" data-title=\"ALBATROS 2\" data-duration=\"2000ms\" data-anim=\"ms:1400ms;\" data-in=\"o:0;\" data-out=\"a:false;\">\n\t\t\t\t\t\t\t<img src=\"\/\/www.comunello.com\/wp-content\/uploads\/2023\/09\/09-render_Albatros_ambientato-largo-B-2400.jpg\" alt=\"09 render Albatros ambientato largo B 2400\" title=\"09 render Albatros ambientato largo B 2400\" width=\"2400\" height=\"1131\" class=\"rev-slidebg tp-rs-img\" data-bg=\"p:0% 80%;\" data-no-retina>\n<!---->\t\t\t\t\t\t<\/rs-slide>\n\t\t\t\t\t\t<rs-slide data-key=\"rs-2236\" data-title=\"ALBATROS 3\" data-duration=\"2000ms\" data-anim=\"ms:1400ms;\" data-in=\"o:0;\" data-out=\"a:false;\">\n\t\t\t\t\t\t\t<img src=\"\/\/www.comunello.com\/wp-content\/uploads\/2023\/09\/10-render_Albatros_ambientato-largo-C-2400.jpg\" alt=\"10 render Albatros ambientato largo C 2400\" title=\"10 render Albatros ambientato largo C 2400\" width=\"2400\" height=\"1131\" class=\"rev-slidebg tp-rs-img\" data-bg=\"p:0% 80%;\" data-no-retina>\n<!---->\t\t\t\t\t\t<\/rs-slide>\n\t\t\t\t\t\t<rs-slide data-key=\"rs-2237\" data-title=\"CANTILEVER FORT\" data-duration=\"4000ms\" data-anim=\"ms:1400ms;\" data-in=\"o:0;\" data-out=\"a:false;\">\n\t\t\t\t\t\t\t<img src=\"\/\/www.comunello.com\/wp-content\/uploads\/2023\/09\/11-render_Integrator_ambientato-largo-2400.jpg\" alt=\"11 render Integrator ambientato largo 2400\" title=\"11 render Integrator ambientato largo 2400\" width=\"2400\" height=\"1061\" class=\"rev-slidebg tp-rs-img\" data-bg=\"p:center bottom;\" data-no-retina>\n<!---->\t\t\t\t\t\t<\/rs-slide>\n\t\t\t\t\t<\/rs-slides>\n\t\t\t\t<\/rs-module>\n\t\t\t<\/rs-module-wrap>\n\t\t\t<!-- END REVOLUTION SLIDER -->\n[\/vc_column_text][\/vc_column][\/vc_row][vc_row css_animation=&#8220;&#8220; row_type=&#8220;row&#8220; use_row_as_full_screen_section=&#8220;no&#8220; type=&#8220;full_width&#8220; angled_section=&#8220;no&#8220; text_align=&#8220;left&#8220; background_image_as_pattern=&#8220;without_pattern&#8220; background_color=&#8220;#ffffff&#8220; padding_top=&#8220;0&#8243; css=&#8220;.vc_custom_1490189180882{padding-right: 100px !important;padding-left: 100px !important;}&#8220;][vc_column][vc_raw_html]JTIwJTNDZGl2JTIwaWQlM0QlMjJwcm9kb3R0aSUyMiUyMHN0eWxlJTNEJTIycG9zaXRpb24lM0ElMjBhYnNvbHV0ZSUzQiUwQSUyMCUyMCUyMCUyMHRvcCUzQSUyMC0xNTBweCUzQiUwQSUyMCUyMCUyMCUyMHZpc2liaWxpdHklM0ElMjBoaWRkZW4lM0IlMjIlM0UlM0MlMkZkaXYlM0UlMEElM0NzdHlsZSUzRSUwQS5pY29uLWdhdGUlMjAlN0IlMEElMjAlMjBwb3NpdGlvbiUzQXJlbGF0aXZlJTNCJTBBJTdEJTBBLmljb24tZ2F0ZSUyMGltZyUyMCU3QiUwQSUyMCUyMHBvc2l0aW9uJTNBcmVsYXRpdmUlM0IlMEFmbG9hdCUzQWxlZnQlM0IlMEElN0QlMEEuZGl2aXNvcmlvJTdCJTBBYmFja2dyb3VuZC1jb2xvciUzQSUyMCUyMzAwMCUzQiUwQXdpZHRoJTNBJTIwMXB4JTNCJTBBJTdEJTBBLnRlc3RnYXRlaWNvbiUyMCU3QiUwQXBvc2l0aW9uJTNBJTIwcmVsYXRpdmUlM0IlMEElMjAlMjAlMjAlMjBmb250LXNpemUlM0ElMjAyMHB4JTNCJTBBJTIwJTIwJTIwJTIwdG9wJTNBJTIwMTFweCUzQiUwQSUyMCUyMCUyMCUyMHRleHQtYWxpZ24lM0ElMjBpbml0aWFsJTNCJTBBJTIwJTIwJTIwJTIwbGVmdCUzQSUyMDMwcHglM0IlMEElN0QlMEEubGluZWFkeCUyMCU3QiUwQWJvcmRlci1yaWdodCUzQSUyMDFweCUyMHNvbGlkJTIwJTIzYTZhNmE2JTNCJTBBbWFyZ2luLXJpZ2h0JTNBJTIwNDBweCUzQiUwQSU3RCUwQSUwQS5nYXRlLWdlbmVyYWxlLXNwb3N0LWR4JTIwJTdCJTBBcG9zaXRpb24lM0ElMjByZWxhdGl2ZSUzQiUwQSU3RCUwQSUwQSU0MG1lZGlhJTIwc2NyZWVuJTIwYW5kJTIwJTI4bWluLXdpZHRoJTNBJTIwNzY4cHglMjklMjAlN0IlMEEuY29sLWdhdGUtMSUyMCU3QiUwQXdpZHRoJTNBMzMlMjUlM0IlMEElN0QlMEEuY29sLWdhdGUtbGluZWElMjAlN0IlMEF3aWR0aCUzQTFweCUzQiUwQWhlaWdodCUzQSUyMDUxMHB4JTNCJTBBYmFja2dyb3VuZC1jb2xvciUzQSUyMCUyMzdkN2Q3ZCUzQiUwQXBvc2l0aW9uJTNBJTIwcmVsYXRpdmUlM0IlMEFyaWdodCUzQSUyMDEuNiUyNSUzQiUwQXRvcCUzQSUyMDZweCUzQiUwQSUwQSU3RCUwQSU3RCUwQSUzQyUyRnN0eWxlJTNF[\/vc_raw_html][vc_empty_space height=&#8220;70px&#8220;][vc_empty_space height=&#8220;30px&#8220;][\/vc_column][\/vc_row][vc_row css_animation=&#8220;&#8220; row_type=&#8220;row&#8220; use_row_as_full_screen_section=&#8220;no&#8220; type=&#8220;grid&#8220; angled_section=&#8220;no&#8220; text_align=&#8220;left&#8220; background_image_as_pattern=&#8220;without_pattern&#8220; background_color=&#8220;#ffffff&#8220; padding_top=&#8220;0&#8243; el_class=&#8220;gate-generale-spost-dx&#8220;][vc_column width=&#8220;1\/5&#8243; el_class=&#8220;col-gate-1&#8243;][vc_raw_html]JTNDZGl2JTIwY2xhc3MlM0QlMjJpY29uLWdhdGUlMjIlM0UlMEElM0NhJTIwaHJlZiUzRCUyMiUyRmRlJTJGZ2F0ZSUyRnByb2R1Y3RzJTJGc2NoaWViZXRvciUyRiUyMiUzRSUzQ2ltZyUyMHNyYyUzRCUyMiUyRm1lZGlhJTJGcHJvZHVjdHMlMkZnYXRlJTJGY2FuY2VsbG9fc2NvcnJldm9sZSUyRmNvbXVuZWxsby1nYXRlLWNhbmNlbGxvX3Njb3JyZXZvbGUtaWNvbi5qcGclMjIlMjAlMkYlM0UlM0NwJTIwY2xhc3MlM0QlMjJ0ZXN0Z2F0ZWljb24lMjIlM0VTQ0hJRUJFVE9SJTNDJTJGcCUzRSUzQyUyRmElM0UlMEElM0MlMkZkaXYlM0U=[\/vc_raw_html][vc_empty_space height=&#8220;96px&#8220;][vc_raw_html]JTNDZGl2JTIwY2xhc3MlM0QlMjJpY29uLWdhdGUlMjIlM0UlMEElM0NhJTIwaHJlZiUzRCUyMiUyRmRlJTJGZ2F0ZSUyRnByb2R1Y3RzJTJGc2VsYnN0dHJhZ2VuZGUtdG9yJTJGJTIyJTNFJTNDaW1nJTIwc3JjJTNEJTIyJTJGbWVkaWElMkZwcm9kdWN0cyUyRmdhdGUlMkZjYW5jZWxsb19hdXRvcG9ydGFudGUlMkZjb211bmVsbG8tZ2F0ZS1jYW5jZWxsb19hdXRvcG9ydGFudGUtaWNvbi5qcGclMjIlMjAlMkYlM0UlM0NwJTIwY2xhc3MlM0QlMjJ0ZXN0Z2F0ZWljb24lMjIlM0VTRUxCU1RUUkFHRU5ERSUzQ2JyJTNFVE9SJTNDJTJGcCUzRSUzQyUyRmElM0UlMEElM0MlMkZkaXYlM0U=[\/vc_raw_html][vc_empty_space height=&#8220;96px&#8220;][vc_raw_html]JTNDZGl2JTIwY2xhc3MlM0QlMjJpY29uLWdhdGUlMjIlM0UlMEElM0NhJTIwaHJlZiUzRCUyMiUyRmRlJTJGZ2F0ZSUyRnByb2R1Y3RzJTJGcmFuZ2VyJTJGcmFuZ2VyJTJGJTIyJTNFJTNDaW1nJTIwc3JjJTNEJTIyaHR0cHMlM0ElMkYlMkZ3d3cuY29tdW5lbGxvLmNvbSUyRndwLWNvbnRlbnQlMkZ1cGxvYWRzJTJGMjAyMSUyRjAzJTJGY29tdW5lbGxvLWdhdGUtdGVsZXNjb3BpY28uanBnJTIyJTIwJTJGJTNFJTNDcCUyMGNsYXNzJTNEJTIydGVzdGdhdGVpY29uJTIyJTNFVEVMRVNDT1BJQyUzQ2JyJTNFR0FURSUzQyUyRnAlM0UlM0MlMkZhJTNFJTBBJTNDJTJGZGl2JTNFJTBB[\/vc_raw_html][vc_empty_space height=&#8220;96px&#8220;][\/vc_column][vc_column width=&#8220;1\/5&#8243; el_class=&#8220;col-gate-linea&#8220; offset=&#8220;vc_hidden-sm vc_hidden-xs&#8220;][\/vc_column][vc_column width=&#8220;1\/5&#8243; el_class=&#8220;col-gate-1&#8243;][vc_raw_html]JTNDZGl2JTIwY2xhc3MlM0QlMjJpY29uLWdhdGUlMjIlM0UlMEElM0NhJTIwaHJlZiUzRCUyMiUyRmRlJTJGZ2F0ZSUyRnByb2R1Y3RzJTJGZmx1ZWdlbHRvci1zY2hsJTJGJTIyJTNFJTNDaW1nJTIwc3JjJTNEJTIyJTJGbWVkaWElMkZwcm9kdWN0cyUyRmdhdGUlMkZjYW5jZWxsb19hZF9hbnRlJTJGY29tdW5lbGxvLWdhdGUtY2FuY2VsbG9fYWRfYW50ZS1pY29uLmpwZyUyMiUyMCUyRiUzRSUzQ3AlMjBjbGFzcyUzRCUyMnRlc3RnYXRlaWNvbiUyMiUzRUZMVUVHRUxUT1ItU0NITCUzQyUyRnAlM0UlM0MlMkZhJTNFJTBBJTNDJTJGZGl2JTNFJTBBJTBB[\/vc_raw_html][vc_empty_space height=&#8220;96px&#8220;][vc_raw_html]JTNDZGl2JTIwY2xhc3MlM0QlMjJpY29uLWdhdGUlMjIlM0UlMEElM0NhJTIwaHJlZiUzRCUyMiUyRmRlJTJGZ2F0ZSUyRnByb2R1Y3RzJTJGZnVzc2dhZW5nZXJ0b3JlLW1pdC1mbHVlZ2VsJTJGJTIyJTNFJTNDaW1nJTIwc3JjJTNEJTIyJTJGbWVkaWElMkZwcm9kdWN0cyUyRmdhdGUlMkZjYW5jZWxsb19wZWRvbmFsZV9hZF9hbnRhJTJGY29tdW5lbGxvLWdhdGUtY2FuY2VsbG9fcGVkb25hbGVfYWRfYW50YS1pY29uLmpwZyUyMiUyMCUyRiUzRSUzQ3AlMjBjbGFzcyUzRCUyMnRlc3RnYXRlaWNvbiUyMiUzRUZVU1NHJUMzJTg0RU5HRVJUT1JFJTNDYnIlM0VNSVQlMjBGTFVFR0VMJTNDJTJGcCUzRSUzQyUyRmElM0UlMEElM0MlMkZkaXYlM0UlMEE=[\/vc_raw_html][vc_empty_space height=&#8220;96px&#8220;][vc_raw_html]JTNDZGl2JTIwY2xhc3MlM0QlMjJpY29uLWdhdGUlMjIlM0UlMEElM0NhJTIwaHJlZiUzRCUyMiUyRmRlJTJGZ2F0ZSUyRnByb2R1Y3RzJTJGYWxiYXRyb3MlMkZhbGJhdHJvcyUyRiUyMiUzRSUzQ2ltZyUyMHNyYyUzRCUyMmh0dHBzJTNBJTJGJTJGd3d3LmNvbXVuZWxsby5jb20lMkZ3cC1jb250ZW50JTJGdXBsb2FkcyUyRjIwMjElMkYwMyUyRmNvbXVuZWxsby1nYXRlLWNhbmNlbGxvX2JpZm9sZGluZy1pY29uLmpwZyUyMiUyMCUyRiUzRSUzQ3AlMjBjbGFzcyUzRCUyMnRlc3RnYXRlaWNvbiUyMiUzRUJJRk9MRElORyUzQ2JyJTNFR0FURSUzQyUyRnAlM0UlM0MlMkZhJTNFJTBBJTNDJTJGZGl2JTNF[\/vc_raw_html][vc_empty_space height=&#8220;94px&#8220;][vc_raw_html]JTNDZGl2JTIwY2xhc3MlM0QlMjJpY29uLWdhdGUlMjIlM0UlMEElM0NhJTIwaHJlZiUzRCUyMiUyRmRlJTJGZ2F0ZSUyRnByb2R1Y3RzJTJGcmlzaW5nLWhpbmdlcyUyRnJpc2luZy1oaW5nZXMlMjIlM0UlM0NpbWclMjBzcmMlM0QlMjJodHRwcyUzQSUyRiUyRnd3dy5jb211bmVsbG8uY29tJTJGd3AtY29udGVudCUyRnVwbG9hZHMlMkYyMDIyJTJGMDQlMkZjb211bmVsbG8tZ2F0ZS1yaXNpbmctaGluZ2VzLmpwZyUyMiUyMCUyRiUzRSUzQ3AlMjBjbGFzcyUzRCUyMnRlc3RnYXRlaWNvbiUyMiUzRVJJU0lORyUzQ2JyJTNFSElOR0VTJTNDJTJGcCUzRSUzQyUyRmElM0UlMEElM0MlMkZkaXYlM0U=[\/vc_raw_html][vc_empty_space height=&#8220;96px&#8220;][\/vc_column][vc_column width=&#8220;1\/5&#8243; el_class=&#8220;col-gate-linea&#8220; offset=&#8220;vc_hidden-sm vc_hidden-xs&#8220;][\/vc_column][vc_column width=&#8220;1\/5&#8243; el_class=&#8220;col-gate-1&#8243;][vc_raw_html]JTNDZGl2JTIwY2xhc3MlM0QlMjJpY29uLWdhdGUlMjIlM0UlMEElM0NhJTIwaHJlZiUzRCUyMiUyRmRlJTJGZ2F0ZSUyRnByb2R1Y3RzJTJGdHVyZS11bmQtZmVuc3Rlci1hdXMtc3RhaGwlMkYlMjIlM0UlM0NpbWclMjBzcmMlM0QlMjIlMkZtZWRpYSUyRnByb2R1Y3RzJTJGZ2F0ZSUyRnBvcnRlX2VfZmluZXN0cmVfaW5fYWNjaWFpbyUyRmNvbXVuZWxsby1nYXRlLXBvcnRlX2VfZmluZXN0cmVfaW5fYWNjaWFpby1pY29uLmpwZyUyMiUyMCUyRiUzRSUzQ3AlMjBjbGFzcyUzRCUyMnRlc3RnYXRlaWNvbiUyMiUzRVQlQzMlOUNSRSUyMFVORCUyMEZFTlNURVIlM0NiciUzRUFVUyUyMFNUQUhMJTNDJTJGcCUzRSUzQyUyRmElM0UlMEElM0MlMkZkaXYlM0U=[\/vc_raw_html][vc_empty_space height=&#8220;96px&#8220;][vc_raw_html]JTNDZGl2JTIwY2xhc3MlM0QlMjJpY29uLWdhdGUlMjIlM0UlMEElM0NhJTIwaHJlZiUzRCUyMiUyRmRlJTJGZ2F0ZSUyRnByb2R1Y3RzJTJGc2NoaWViZXR1ciUyRiUyMiUzRSUzQ2ltZyUyMHNyYyUzRCUyMiUyRm1lZGlhJTJGcHJvZHVjdHMlMkZnYXRlJTJGcG9ydG9uZV9zY29ycmV2b2xlJTJGY29tdW5lbGxvLWdhdGUtcG9ydG9uZV9zY29ycmV2b2xlLWljb24uanBnJTIyJTIwJTJGJTNFJTNDcCUyMGNsYXNzJTNEJTIydGVzdGdhdGVpY29uJTIyJTNFU0NISUVCRVQlQzMlOUNSJTNDJTJGcCUzRSUzQyUyRmElM0UlMEElM0MlMkZkaXYlM0UlMEE=[\/vc_raw_html][vc_empty_space height=&#8220;96px&#8220;][vc_raw_html]JTNDZGl2JTIwY2xhc3MlM0QlMjJpY29uLWdhdGUlMjIlM0UlMEElM0NhJTIwaHJlZiUzRCUyMiUyRmRlJTJGZ2F0ZSUyRnByb2R1Y3RzJTJGZmFsdHRvciUyRiUyMiUyMCUyRiUzRSUzQ2ltZyUyMHNyYyUzRCUyMiUyRm1lZGlhJTJGcHJvZHVjdHMlMkZnYXRlJTJGcG9ydG9uZV9hX2xpYnJvJTJGY29tdW5lbGxvLWdhdGUtcG9ydG9uZV9hX2xpYnJvLWljb24uanBnJTIyJTIwJTJGJTNFJTNDcCUyMGNsYXNzJTNEJTIydGVzdGdhdGVpY29uJTIyJTNFRkFMVFRPUiUzQyUyRnAlM0UlM0MlMkZhJTNFJTBBJTNDJTJGZGl2JTNF[\/vc_raw_html][vc_empty_space height=&#8220;96px&#8220;][\/vc_column][\/vc_row][vc_row css_animation=&#8220;&#8220; row_type=&#8220;row&#8220; use_row_as_full_screen_section=&#8220;no&#8220; type=&#8220;full_width&#8220; angled_section=&#8220;no&#8220; text_align=&#8220;left&#8220; background_image_as_pattern=&#8220;without_pattern&#8220;][vc_column][vc_empty_space][\/vc_column][\/vc_row][vc_row css_animation=&#8220;&#8220; row_type=&#8220;row&#8220; use_row_as_full_screen_section=&#8220;no&#8220; type=&#8220;full_width&#8220; angled_section=&#8220;no&#8220; text_align=&#8220;center&#8220; background_image=&#8220;25167&#8243; background_image_as_pattern=&#8220;without_pattern&#8220; background_color=&#8220;#d8d8d8&#8243;][vc_column][vc_empty_space height=&#8220;200px&#8220;][vc_column_text]<\/p>\n<p style=\"text-align: center;\"><a class=\"puls_conf_rosso\" href=\"http:\/\/www.comunello.com\/de\/gate\/configs\/\">Konfigurieren Sie Ihr Tor<\/a><\/p>\n<p>[\/vc_column_text][vc_empty_space height=&#8220;200px&#8220;][\/vc_column][\/vc_row][vc_row css_animation=&#8220;&#8220; row_type=&#8220;row&#8220; use_row_as_full_screen_section=&#8220;no&#8220; type=&#8220;full_width&#8220; angled_section=&#8220;no&#8220; text_align=&#8220;left&#8220; background_image_as_pattern=&#8220;without_pattern&#8220; background_color=&#8220;#ffffff&#8220; padding_top=&#8220;0&#8243;][vc_column][vc_empty_space height=&#8220;50px&#8220;][\/vc_column][\/vc_row][vc_row css_animation=&#8220;&#8220; row_type=&#8220;row&#8220; use_row_as_full_screen_section=&#8220;no&#8220; type=&#8220;full_width&#8220; angled_section=&#8220;no&#8220; text_align=&#8220;left&#8220; background_image_as_pattern=&#8220;without_pattern&#8220; background_color=&#8220;#ffffff&#8220;][vc_column][vc_empty_space height=&#8220;12px&#8220;][\/vc_column][\/vc_row][vc_row css_animation=&#8220;&#8220; row_type=&#8220;row&#8220; use_row_as_full_screen_section=&#8220;no&#8220; type=&#8220;grid&#8220; angled_section=&#8220;no&#8220; text_align=&#8220;left&#8220; background_image_as_pattern=&#8220;without_pattern&#8220; background_color=&#8220;#ffffff&#8220;][vc_column][vc_column_text]<\/p>\n<h1 style=\"font-size: 42px; font-family: helvth; text-align: center;\">MADE IN ITALY<br \/>\nVOM KONZEPT ZUM PRODUKT<\/h1>\n<p>[\/vc_column_text][vc_empty_space][\/vc_column][\/vc_row][vc_row css_animation=&#8220;&#8220; row_type=&#8220;row&#8220; use_row_as_full_screen_section=&#8220;no&#8220; type=&#8220;grid&#8220; angled_section=&#8220;no&#8220; text_align=&#8220;left&#8220; background_image_as_pattern=&#8220;without_pattern&#8220; background_color=&#8220;#ffffff&#8220; css=&#8220;.vc_custom_1495533166047{padding-right: 50px !important;padding-left: 50px !important;}&#8220;][vc_column width=&#8220;1\/6&#8243;][\/vc_column][vc_column width=&#8220;2\/3&#8243;][vc_empty_space height=&#8220;20px&#8220;][vc_empty_space height=&#8220;20px&#8220;][vc_column_text el_class=&#8220;test_one_page&#8220;]Gate Division, der Gesch\u00e4ftszweig unserer Anf\u00e4nge, bietet dem nationalen und internationalen Markt schon immer das umfangreichste Bauteilesortiment f\u00fcr Schiebetore und Industrietore, von den Leichtesten bis zu den Schwersten und von den Kleinsten bis zu den Gr\u00f6\u00dfen.[\/vc_column_text][vc_empty_space height=&#8220;22px&#8220;][vc_column_text el_class=&#8220;test_one_page&#8220;]Die breitgef\u00e4cherte Gr\u00f6\u00dfenauswahl und der Einsatz von Materialien wie Aluminium, Stahl und Edelstahl machen aus diesem wirklich einzigartigen Angebot etwas ganz Besonderes und erf\u00fcllen die Anforderungen aller \u00d6ffnungssysteme, egal wie gro\u00df sie sind.[\/vc_column_text][vc_empty_space height=&#8220;22px&#8220;][vc_column_text el_class=&#8220;test_one_page&#8220;]Komponenten f\u00fcr Schiebetore, selbsttragende Tore, Fl\u00fcgeltore, industrielle T\u00fcren und Tore: Angelzapfen, Bolzen, R\u00e4der, Zahnstangen, Schienen, Scharniere.[\/vc_column_text][\/vc_column][vc_column width=&#8220;1\/6&#8243;][\/vc_column][\/vc_row][vc_row css_animation=&#8220;&#8220; row_type=&#8220;row&#8220; use_row_as_full_screen_section=&#8220;no&#8220; type=&#8220;full_width&#8220; angled_section=&#8220;no&#8220; text_align=&#8220;left&#8220; background_image_as_pattern=&#8220;without_pattern&#8220; background_color=&#8220;#ffffff&#8220;][vc_column][vc_empty_space height=&#8220;12px&#8220;][\/vc_column][\/vc_row][vc_row css_animation=&#8220;&#8220; row_type=&#8220;row&#8220; use_row_as_full_screen_section=&#8220;no&#8220; type=&#8220;full_width&#8220; angled_section=&#8220;no&#8220; text_align=&#8220;left&#8220; background_image_as_pattern=&#8220;without_pattern&#8220;][vc_column][vc_empty_space height=&#8220;8px&#8220;][\/vc_column][\/vc_row][vc_row css_animation=&#8220;&#8220; row_type=&#8220;row&#8220; use_row_as_full_screen_section=&#8220;no&#8220; type=&#8220;full_width&#8220; angled_section=&#8220;no&#8220; text_align=&#8220;left&#8220; background_image_as_pattern=&#8220;without_pattern&#8220; background_color=&#8220;#ffffff&#8220; padding_top=&#8220;0&#8243; el_class=&#8220;rigaentratahome&#8220;][vc_column][vc_empty_space][vc_empty_space][\/vc_column][\/vc_row]<\/p>\n","protected":false},"excerpt":{"rendered":"<p>[vc_row css_animation=&#8220;&#8220; row_type=&#8220;row&#8220; use_row_as_full_screen_section=&#8220;no&#8220; type=&#8220;full_width&#8220; angled_section=&#8220;no&#8220; text_align=&#8220;left&#8220; background_image_as_pattern=&#8220;without_pattern&#8220; background_color=&#8220;#f2f2f2&#8243;][vc_column][vc_empty_space height=&#8220;70&#8243;][vc_row_inner row_type=&#8220;row&#8220; type=&#8220;grid&#8220; text_align=&#8220;left&#8220; css_animation=&#8220;&#8220;][vc_column_inner offset=&#8220;vc_hidden-sm vc_hidden-xs&#8220;][vc_column_text css=&#8220;.vc_custom_1496819589754{padding-left: 5px !important;}&#8220;] Zubeh\u00f6ren f\u00fcr Tore und Industrietore [\/vc_column_text][\/vc_column_inner][\/vc_row_inner][\/vc_column][\/vc_row][vc_row&#8230;<\/p>\n","protected":false},"author":4,"featured_media":32924,"parent":0,"menu_order":0,"comment_status":"closed","ping_status":"closed","template":"full_width.php","meta":[],"yoast_head":"<!-- This site is optimized with the Yoast SEO plugin v16.0.2 - https:\/\/yoast.com\/wordpress\/plugins\/seo\/ -->\n<meta name=\"description\" content=\"Schiebetore, selbsttragende Tore, Fl\u00fcgeltore, industrielle T\u00fcren und Tore: Angelzapfen, Bolzen, R\u00e4der, Zahnstangen, Schienen, Scharniere\" \/>\n<link rel=\"canonical\" href=\"https:\/\/www.comunello.com\/de\/gate\/\" \/>\n<meta property=\"og:locale\" content=\"de_DE\" \/>\n<meta property=\"og:type\" content=\"article\" \/>\n<meta property=\"og:title\" content=\"FRATELLI COMUNELLO - GATE\" \/>\n<meta property=\"og:description\" content=\"Schiebetore, selbsttragende Tore, Fl\u00fcgeltore, industrielle T\u00fcren und Tore: Angelzapfen, Bolzen, R\u00e4der, Zahnstangen, Schienen, Scharniere\" \/>\n<meta property=\"og:url\" content=\"https:\/\/www.comunello.com\/de\/gate\/\" \/>\n<meta property=\"og:site_name\" content=\"Fratelli COMUNELLO\" \/>\n<meta property=\"article:modified_time\" content=\"2025-12-02T14:13:53+00:00\" \/>\n<meta property=\"og:image\" content=\"https:\/\/www.comunello.com\/wp-content\/uploads\/2021\/07\/img-preview-comunello-gate.jpg\" \/>\n\t<meta property=\"og:image:width\" content=\"400\" \/>\n\t<meta property=\"og:image:height\" content=\"400\" \/>\n<meta name=\"twitter:card\" content=\"summary_large_image\" \/>\n<meta name=\"twitter:label1\" content=\"Gesch\u00e4tzte Lesezeit\">\n\t<meta name=\"twitter:data1\" content=\"2 Minuten\">\n<script type=\"application\/ld+json\" class=\"yoast-schema-graph\">{\"@context\":\"https:\/\/schema.org\",\"@graph\":[{\"@type\":\"WebSite\",\"@id\":\"https:\/\/www.comunello.com\/#website\",\"url\":\"https:\/\/www.comunello.com\/\",\"name\":\"Fratelli COMUNELLO\",\"description\":\"| Life Made Easy\",\"potentialAction\":[{\"@type\":\"SearchAction\",\"target\":\"https:\/\/www.comunello.com\/?s={search_term_string}\",\"query-input\":\"required name=search_term_string\"}],\"inLanguage\":\"de-DE\"},{\"@type\":\"ImageObject\",\"@id\":\"https:\/\/www.comunello.com\/de\/gate\/#primaryimage\",\"inLanguage\":\"de-DE\",\"url\":\"https:\/\/www.comunello.com\/wp-content\/uploads\/2021\/07\/img-preview-comunello-gate.jpg\",\"width\":400,\"height\":400,\"caption\":\"img preview comunello gate\"},{\"@type\":\"WebPage\",\"@id\":\"https:\/\/www.comunello.com\/de\/gate\/#webpage\",\"url\":\"https:\/\/www.comunello.com\/de\/gate\/\",\"name\":\"FRATELLI COMUNELLO - GATE\",\"isPartOf\":{\"@id\":\"https:\/\/www.comunello.com\/#website\"},\"primaryImageOfPage\":{\"@id\":\"https:\/\/www.comunello.com\/de\/gate\/#primaryimage\"},\"datePublished\":\"2014-12-09T11:41:40+00:00\",\"dateModified\":\"2025-12-02T14:13:53+00:00\",\"description\":\"Schiebetore, selbsttragende Tore, Fl\\u00fcgeltore, industrielle T\\u00fcren und Tore: Angelzapfen, Bolzen, R\\u00e4der, Zahnstangen, Schienen, Scharniere\",\"breadcrumb\":{\"@id\":\"https:\/\/www.comunello.com\/de\/gate\/#breadcrumb\"},\"inLanguage\":\"de-DE\",\"potentialAction\":[{\"@type\":\"ReadAction\",\"target\":[\"https:\/\/www.comunello.com\/de\/gate\/\"]}]},{\"@type\":\"BreadcrumbList\",\"@id\":\"https:\/\/www.comunello.com\/de\/gate\/#breadcrumb\",\"itemListElement\":[{\"@type\":\"ListItem\",\"position\":1,\"item\":{\"@type\":\"WebPage\",\"@id\":\"https:\/\/www.comunello.com\/de\/\",\"url\":\"https:\/\/www.comunello.com\/de\/\",\"name\":\"Home\"}},{\"@type\":\"ListItem\",\"position\":2,\"item\":{\"@type\":\"WebPage\",\"@id\":\"https:\/\/www.comunello.com\/de\/gate\/\",\"url\":\"https:\/\/www.comunello.com\/de\/gate\/\",\"name\":\"GATE\"}}]}]}<\/script>\n<!-- \/ Yoast SEO plugin. -->","_links":{"self":[{"href":"https:\/\/www.comunello.com\/de\/wp-json\/wp\/v2\/pages\/1916\/"}],"collection":[{"href":"https:\/\/www.comunello.com\/de\/wp-json\/wp\/v2\/pages\/"}],"about":[{"href":"https:\/\/www.comunello.com\/de\/wp-json\/wp\/v2\/types\/page\/"}],"author":[{"embeddable":true,"href":"https:\/\/www.comunello.com\/de\/wp-json\/wp\/v2\/users\/4\/"}],"replies":[{"embeddable":true,"href":"https:\/\/www.comunello.com\/de\/wp-json\/wp\/v2\/comments\/?post=1916"}],"version-history":[{"count":52,"href":"https:\/\/www.comunello.com\/de\/wp-json\/wp\/v2\/pages\/1916\/revisions\/"}],"predecessor-version":[{"id":51355,"href":"https:\/\/www.comunello.com\/de\/wp-json\/wp\/v2\/pages\/1916\/revisions\/51355\/"}],"wp:featuredmedia":[{"embeddable":true,"href":"https:\/\/www.comunello.com\/de\/wp-json\/wp\/v2\/media\/32924\/"}],"wp:attachment":[{"href":"https:\/\/www.comunello.com\/de\/wp-json\/wp\/v2\/media\/?parent=1916"}],"curies":[{"name":"wp","href":"https:\/\/api.w.org\/{rel}","templated":true}]}}