{"id":18996,"date":"2017-11-27T18:04:19","date_gmt":"2017-11-27T16:04:19","guid":{"rendered":"http:\/\/www.comunello.com\/de\/?page_id=18996"},"modified":"2021-03-03T18:06:20","modified_gmt":"2021-03-03T16:06:20","slug":"kippfenster","status":"publish","type":"page","link":"https:\/\/www.comunello.com\/de\/frameautomation\/kippfenster\/","title":{"rendered":"FRAME AUTOMATION \/ Kippfenster"},"content":{"rendered":"<p>[vc_row css_animation=&#8220;&#8220; row_type=&#8220;row&#8220; use_row_as_full_screen_section=&#8220;no&#8220; type=&#8220;full_width&#8220; angled_section=&#8220;no&#8220; text_align=&#8220;left&#8220; background_image_as_pattern=&#8220;without_pattern&#8220;][vc_column][vc_column_text]<\/p>\n<p class=\"p1\"><span class=\"s1\">[\/vc_column_text][\/vc_column][\/vc_row][vc_row css_animation=&#8220;&#8220; row_type=&#8220;row&#8220; use_row_as_full_screen_section=&#8220;no&#8220; type=&#8220;full_width&#8220; angled_section=&#8220;no&#8220; text_align=&#8220;left&#8220; background_image_as_pattern=&#8220;without_pattern&#8220; background_color=&#8220;#dadada&#8220; padding_top=&#8220;0&#8243;][vc_column][vc_column_text css=&#8220;.vc_custom_1511798946525{border-top-width: 20px !important;padding-top: 50px !important;}&#8220;]\n\t\t\t<!-- START FrameA \/ Vasistas DE REVOLUTION SLIDER 6.4.6 --><p class=\"rs-p-wp-fix\"><\/p>\n\t\t\t<rs-module-wrap id=\"rev_slider_124_1_wrapper\" data-source=\"gallery\" style=\"background:#dadada;padding:0;margin:0px auto;margin-top:0;margin-bottom:0;\">\n\t\t\t\t<rs-module id=\"rev_slider_124_1\" style=\"\" data-version=\"6.4.6\">\n\t\t\t\t\t<rs-slides>\n\t\t\t\t\t\t<rs-slide data-key=\"rs-699\" data-title=\"Slide\" data-anim=\"ms:310;\" data-in=\"o:0;\" data-out=\"e:power1.inOut;\">\n\t\t\t\t\t\t\t<img src=\"\/\/www.comunello.com\/wp-content\/uploads\/2017\/11\/frame_vasistas.jpg\" title=\"FRAME AUTOMATION \/ Kippfenster\" class=\"rev-slidebg tp-rs-img\" data-bg=\"p:right center;\" data-no-retina>\n<!--\n\t\t\t\t\t\t\t--><rs-layer\n\t\t\t\t\t\t\t\tid=\"slider-124-slide-699-layer-1\" \n\t\t\t\t\t\t\t\tdata-type=\"image\"\n\t\t\t\t\t\t\t\tdata-rsp_ch=\"on\"\n\t\t\t\t\t\t\t\tdata-xy=\"x:r;xo:720px;y:b;yo:-50px;\"\n\t\t\t\t\t\t\t\tdata-text=\"l:22;\"\n\t\t\t\t\t\t\t\tdata-dim=\"w:507;h:384;\"\n\t\t\t\t\t\t\t\tdata-frame_0=\"tp:600;\"\n\t\t\t\t\t\t\t\tdata-frame_1=\"tp:600;e:power1.inOut;st:880;sp:1110;\"\n\t\t\t\t\t\t\t\tdata-frame_999=\"st:w;auto:true;\"\n\t\t\t\t\t\t\t\tstyle=\"z-index:5;\"\n\t\t\t\t\t\t\t><img src=\"\/\/www.comunello.com\/wp-content\/uploads\/2016\/06\/Web_Centro_SCORREVOLE_bianco_02.png\" alt=\"Web Centro SCORREVOLE bianco 02\" class=\"tp-rs-img\" width=\"505\" height=\"550\" data-no-retina> \n\t\t\t\t\t\t\t<\/rs-layer><!--\n\n\t\t\t\t\t\t\t--><rs-layer\n\t\t\t\t\t\t\t\tid=\"slider-124-slide-699-layer-16\" \n\t\t\t\t\t\t\t\tdata-type=\"text\"\n\t\t\t\t\t\t\t\tdata-color=\"rgba(68,68,68,1)\"\n\t\t\t\t\t\t\t\tdata-rsp_ch=\"on\"\n\t\t\t\t\t\t\t\tdata-xy=\"x:134px;y:259px;\"\n\t\t\t\t\t\t\t\tdata-text=\"l:22;\"\n\t\t\t\t\t\t\t\tdata-frame_0=\"tp:600;\"\n\t\t\t\t\t\t\t\tdata-frame_1=\"tp:600;e:power2.inOut;st:880;sp:1120;\"\n\t\t\t\t\t\t\t\tdata-frame_999=\"o:0;tp:600;e:nothing;st:w;\"\n\t\t\t\t\t\t\t\tstyle=\"z-index:6;\"\n\t\t\t\t\t\t\t>KIPPFENSTER \n\t\t\t\t\t\t\t<\/rs-layer><!--\n\n\t\t\t\t\t\t\t--><rs-layer\n\t\t\t\t\t\t\t\tid=\"slider-124-slide-699-layer-17\" \n\t\t\t\t\t\t\t\tdata-type=\"text\"\n\t\t\t\t\t\t\t\tdata-color=\"rgba(107,107,107,1)\"\n\t\t\t\t\t\t\t\tdata-rsp_ch=\"on\"\n\t\t\t\t\t\t\t\tdata-xy=\"x:63px;y:314px;\"\n\t\t\t\t\t\t\t\tdata-text=\"w:normal;l:25;\"\n\t\t\t\t\t\t\t\tdata-dim=\"w:434px;h:261px;\"\n\t\t\t\t\t\t\t\tdata-frame_0=\"tp:600;\"\n\t\t\t\t\t\t\t\tdata-frame_1=\"tp:600;e:power2.inOut;st:890;sp:1120;\"\n\t\t\t\t\t\t\t\tdata-frame_999=\"o:0;tp:600;e:nothing;st:w;\"\n\t\t\t\t\t\t\t\tstyle=\"z-index:7;\"\n\t\t\t\t\t\t\t>Diese Fenster haben im unteren Bereich Scharniere und k\u00f6nnen im oberen Bereich nach innen gekippt werden. Sie eignen sich f\u00fcr eine teilweise Rauml\u00fcftung und der Luftstrom trifft nicht direkt auf die im Raum befindlichen Personen. \n\t\t\t\t\t\t\t<\/rs-layer><!--\n\n\t\t\t\t\t\t\t--><rs-layer\n\t\t\t\t\t\t\t\tid=\"slider-124-slide-699-layer-24\" \n\t\t\t\t\t\t\t\tclass=\"rev-btn\"\n\t\t\t\t\t\t\t\tdata-type=\"button\"\n\t\t\t\t\t\t\t\tdata-color=\"rgba(124,124,124,1)\"\n\t\t\t\t\t\t\t\tdata-xy=\"x:62px;y:b;yo:22px;\"\n\t\t\t\t\t\t\t\tdata-text=\"s:17;l:17;\"\n\t\t\t\t\t\t\t\tdata-actions='o:click;a:simplelink;target:_self;url:http:\/\/www.comunello.com\/de\/frameautomation\/#prodotti;'\n\t\t\t\t\t\t\t\tdata-rsp_bd=\"off\"\n\t\t\t\t\t\t\t\tdata-padding=\"t:12;r:35;b:12;l:35;\"\n\t\t\t\t\t\t\t\tdata-border=\"bos:solid;boc:rgba(145,145,145,1);bow:1,1,1,1;bor:3px,3px,3px,3px;\"\n\t\t\t\t\t\t\t\tdata-frame_0=\"tp:600;\"\n\t\t\t\t\t\t\t\tdata-frame_1=\"tp:600;e:power2.inOut;st:880;sp:1110;\"\n\t\t\t\t\t\t\t\tdata-frame_999=\"o:0;tp:600;e:nothing;st:w;\"\n\t\t\t\t\t\t\t\tdata-frame_hover=\"c:#fff;bgc:#94c120;boc:transparent;bor:3px,3px,3px,3px;bos:solid;bow:0,0,0,0;oX:50;oY:50;sp:0;\"\n\t\t\t\t\t\t\t\tstyle=\"z-index:8;font-family:Lato;cursor:pointer;outline:none;box-shadow:none;box-sizing:border-box;-moz-box-sizing:border-box;-webkit-box-sizing:border-box;\"\n\t\t\t\t\t\t\t><- Back to Products \n\t\t\t\t\t\t\t<\/rs-layer><!--\n\n\t\t\t\t\t\t\t--><rs-layer\n\t\t\t\t\t\t\t\tid=\"slider-124-slide-699-layer-31\" \n\t\t\t\t\t\t\t\tdata-type=\"image\"\n\t\t\t\t\t\t\t\tdata-rsp_ch=\"on\"\n\t\t\t\t\t\t\t\tdata-xy=\"x:68px;y:248px;\"\n\t\t\t\t\t\t\t\tdata-text=\"l:22;\"\n\t\t\t\t\t\t\t\tdata-dim=\"w:40.65116279069767;h:38;\"\n\t\t\t\t\t\t\t\tdata-frame_0=\"tp:600;\"\n\t\t\t\t\t\t\t\tdata-frame_1=\"tp:600;e:power2.inOut;st:890;sp:1100;\"\n\t\t\t\t\t\t\t\tdata-frame_999=\"o:0;tp:600;e:nothing;st:w;\"\n\t\t\t\t\t\t\t\tstyle=\"z-index:9;\"\n\t\t\t\t\t\t\t><img src=\"\/\/www.comunello.com\/wp-content\/uploads\/2017\/11\/icon_vasistas.png\" class=\"tp-rs-img\" width=\"61\" height=\"56\" data-no-retina> \n\t\t\t\t\t\t\t<\/rs-layer><!--\n-->\t\t\t\t\t\t<\/rs-slide>\n\t\t\t\t\t<\/rs-slides>\n\t\t\t\t<\/rs-module>\n\t\t\t<\/rs-module-wrap>\n\t\t\t<!-- END REVOLUTION SLIDER -->\n[\/vc_column_text][\/vc_column][\/vc_row][vc_row css_animation=&#8220;&#8220; row_type=&#8220;row&#8220; use_row_as_full_screen_section=&#8220;no&#8220; type=&#8220;grid&#8220; angled_section=&#8220;no&#8220; text_align=&#8220;left&#8220; background_image_as_pattern=&#8220;without_pattern&#8220; padding_top=&#8220;-20&#8243;][vc_column width=&#8220;1\/3&#8243;][\/vc_column][vc_column width=&#8220;1\/3&#8243;][vc_single_image image=&#8220;30708&#8243; img_size=&#8220;full&#8220; alignment=&#8220;center&#8220; qode_css_animation=&#8220;&#8220; el_class=&#8220;sposta&#8220;][\/vc_column][vc_column width=&#8220;1\/3&#8243;][\/vc_column][\/vc_row][vc_row css_animation=&#8220;&#8220; row_type=&#8220;row&#8220; use_row_as_full_screen_section=&#8220;no&#8220; type=&#8220;full_width&#8220; angled_section=&#8220;no&#8220; text_align=&#8220;left&#8220; background_image_as_pattern=&#8220;without_pattern&#8220; padding_top=&#8220;40&#8243; css=&#8220;.vc_custom_1488874367085{padding-right: 40px !important;padding-left: 40px !important;}&#8220;][vc_column offset=&#8220;vc_hidden-md vc_hidden-sm vc_hidden-xs&#8220;][vc_raw_html]JTNDZGl2JTIwc3R5bGUlM0QlMjJoZWlnaHQlM0ElMjAxcHglM0IlMjBib3JkZXItdG9wJTNBJTIwc29saWQlMjAxcHglMjAlMjNlMGUwZTAlM0IlMjBwb3NpdGlvbiUzQXJlbGF0aXZlJTNCJTIwbWFyZ2luLWxlZnQlM0FhdXRvJTNCJTIwbWFyZ2luLXJpZ2h0JTNBYXV0byUzQiUyMHRvcCUzQSUyMDM0cHglM0IlMjB3aWR0aCUzQTIwJTI1JTIyJTNFJTNDJTJGZGl2JTNF[\/vc_raw_html][\/vc_column][\/vc_row][vc_row css_animation=&#8220;&#8220; row_type=&#8220;row&#8220; use_row_as_full_screen_section=&#8220;no&#8220; type=&#8220;full_width&#8220; angled_section=&#8220;no&#8220; text_align=&#8220;center&#8220; background_image_as_pattern=&#8220;without_pattern&#8220; padding_top=&#8220;0&#8243; css=&#8220;.vc_custom_1484905306268{padding-right: 40px !important;padding-left: 40px !important;}&#8220;][vc_column width=&#8220;1\/4&#8243;][\/vc_column][vc_column width=&#8220;1\/4&#8243;][vc_row_inner row_type=&#8220;row&#8220; type=&#8220;full_width&#8220; text_align=&#8220;left&#8220; css_animation=&#8220;&#8220;][vc_column_inner offset=&#8220;vc_hidden-xs&#8220;][vc_single_image image=&#8220;11841&#8243; img_size=&#8220;full&#8220; alignment=&#8220;center&#8220; qode_css_animation=&#8220;&#8220;][\/vc_column_inner][\/vc_row_inner][vc_single_image image=&#8220;18361&#8243; img_size=&#8220;full&#8220; alignment=&#8220;center&#8220; qode_css_animation=&#8220;&#8220;][vc_empty_space][vc_row_inner row_type=&#8220;row&#8220; type=&#8220;full_width&#8220; text_align=&#8220;left&#8220; css_animation=&#8220;&#8220;][vc_column_inner][vc_column_text]<\/span><\/p>\n<p>&nbsp;<\/p>\n<p style=\"text-align: center;\"><a class=\"puls_categoria_verde\" href=\"http:\/\/www.comunello.com\/de\/frameautomation\/products\/kippfenster\/smart\/\">\u00a0SMART 20 <\/a><\/p>\n<p>[\/vc_column_text][vc_column_text el_class=&#8220;larghezzatesti&#8220;]<\/p>\n<p class=\"p1\"><span class=\"s1\">Forza:\u00a0<b>200 N<\/b><\/span><\/p>\n<p>[\/vc_column_text][\/vc_column_inner][\/vc_row_inner][\/vc_column][vc_column width=&#8220;1\/4&#8243;][vc_row_inner row_type=&#8220;row&#8220; type=&#8220;full_width&#8220; text_align=&#8220;left&#8220; css_animation=&#8220;&#8220;][vc_column_inner offset=&#8220;vc_hidden-xs&#8220;][vc_single_image image=&#8220;11843&#8243; img_size=&#8220;full&#8220; alignment=&#8220;center&#8220; qode_css_animation=&#8220;&#8220;][\/vc_column_inner][\/vc_row_inner][vc_single_image image=&#8220;18360&#8243; img_size=&#8220;full&#8220; alignment=&#8220;center&#8220; qode_css_animation=&#8220;&#8220;][vc_empty_space][vc_row_inner row_type=&#8220;row&#8220; type=&#8220;full_width&#8220; text_align=&#8220;left&#8220; css_animation=&#8220;&#8220;][vc_column_inner][vc_column_text]<\/p>\n<p style=\"text-align: center;\"><a class=\"puls_categoria_verde\" href=\"http:\/\/www.comunello.com\/de\/frameautomation\/products\/kippfenster\/liwin-l25\/\"> LIWIN 25 <\/a><\/p>\n<p>[\/vc_column_text][vc_column_text el_class=&#8220;larghezzatesti&#8220;]<\/p>\n<p class=\"p1\"><span class=\"s1\">Forza:\u00a0<b>250 N<\/b><\/span><\/p>\n<p>[\/vc_column_text][\/vc_column_inner][\/vc_row_inner][vc_row_inner row_type=&#8220;row&#8220; type=&#8220;full_width&#8220; text_align=&#8220;left&#8220; css_animation=&#8220;&#8220;][vc_column_inner][vc_column_text]<\/p>\n<p style=\"text-align: center;\"><a class=\"puls_categoria_verde\" href=\"http:\/\/www.comunello.com\/de\/frameautomation\/products\/kippfenster\/liwin-l35\/\"> LIWIN 35 <\/a><\/p>\n<p>[\/vc_column_text][vc_column_text el_class=&#8220;larghezzatesti&#8220;]<\/p>\n<p class=\"p1\"><span class=\"s1\">Forza:\u00a0<strong>350<\/strong><b> N<\/b><\/span><\/p>\n<p>[\/vc_column_text][\/vc_column_inner][\/vc_row_inner][vc_row_inner row_type=&#8220;row&#8220; type=&#8220;full_width&#8220; text_align=&#8220;left&#8220; css_animation=&#8220;&#8220;][vc_column_inner][vc_column_text]<\/p>\n<p style=\"text-align: center;\"><a class=\"puls_categoria_verde\" href=\"http:\/\/www.comunello.com\/de\/frameautomation\/products\/kippfenster\/liwin-l35-radio\/\"> LIWIN 35 <span class=\"parola\">RADIO<\/span><\/a><\/p>\n<p>[\/vc_column_text][vc_column_text el_class=&#8220;larghezzatesti&#8220;]<\/p>\n<p class=\"p1\"><span class=\"s1\">Forza:\u00a0<strong>350<\/strong><b> N<\/b><\/span><\/p>\n<p>[\/vc_column_text][\/vc_column_inner][\/vc_row_inner][vc_single_image image=&#8220;18360&#8243; img_size=&#8220;full&#8220; alignment=&#8220;center&#8220; qode_css_animation=&#8220;&#8220;][vc_empty_space][vc_row_inner row_type=&#8220;row&#8220; type=&#8220;full_width&#8220; text_align=&#8220;left&#8220; css_animation=&#8220;&#8220;][vc_column_inner][vc_column_text]<\/p>\n<p style=\"text-align: center;\"><a class=\"puls_categoria_verde\" href=\"https:\/\/www.comunello.com\/de\/frameautomation\/products\/kippfenster\/liwin-l30\/\"> LIWIN L30 <\/a><\/p>\n<p>[\/vc_column_text][vc_column_text el_class=&#8220;larghezzatesti&#8220;]<\/p>\n<p class=\"p1\"><span class=\"s1\">Forza:\u00a0<strong>300<\/strong><b> N<\/b><\/span><\/p>\n<p>[\/vc_column_text][\/vc_column_inner][\/vc_row_inner][\/vc_column][vc_column width=&#8220;1\/4&#8243;][\/vc_column][\/vc_row][vc_row css_animation=&#8220;&#8220; row_type=&#8220;row&#8220; use_row_as_full_screen_section=&#8220;no&#8220; type=&#8220;full_width&#8220; angled_section=&#8220;no&#8220; text_align=&#8220;left&#8220; background_image_as_pattern=&#8220;without_pattern&#8220;][vc_column][vc_column_text]<\/p>\n<p class=\"p1\"><span class=\"s1\">[\/vc_column_text][vc_empty_space height=&#8220;250px&#8220;][\/vc_column][\/vc_row][vc_row css_animation=&#8220;&#8220; row_type=&#8220;row&#8220; use_row_as_full_screen_section=&#8220;no&#8220; type=&#8220;full_width&#8220; angled_section=&#8220;no&#8220; text_align=&#8220;left&#8220; background_image_as_pattern=&#8220;without_pattern&#8220;][vc_column][vc_column_text]<\/span><\/p>\n<p>[\/vc_column_text][\/vc_column][\/vc_row]<\/p>\n","protected":false},"excerpt":{"rendered":"<p>[vc_row css_animation=&#8220;&#8220; row_type=&#8220;row&#8220; use_row_as_full_screen_section=&#8220;no&#8220; type=&#8220;full_width&#8220; angled_section=&#8220;no&#8220; text_align=&#8220;left&#8220; background_image_as_pattern=&#8220;without_pattern&#8220;][vc_column][vc_column_text] [\/vc_column_text][\/vc_column][\/vc_row][vc_row css_animation=&#8220;&#8220; row_type=&#8220;row&#8220; use_row_as_full_screen_section=&#8220;no&#8220; type=&#8220;full_width&#8220; angled_section=&#8220;no&#8220; text_align=&#8220;left&#8220; background_image_as_pattern=&#8220;without_pattern&#8220; background_color=&#8220;#dadada&#8220; padding_top=&#8220;0&#8243;][vc_column][vc_column_text css=&#8220;.vc_custom_1511798946525{border-top-width: 20px !important;padding-top: 50px !important;}&#8220;][\/vc_column_text][\/vc_column][\/vc_row][vc_row css_animation=&#8220;&#8220; row_type=&#8220;row&#8220;&#8230;<\/p>\n","protected":false},"author":1,"featured_media":0,"parent":1955,"menu_order":0,"comment_status":"closed","ping_status":"closed","template":"full_width.php","meta":[],"yoast_head":"<!-- This site is optimized with the Yoast SEO plugin v16.0.2 - https:\/\/yoast.com\/wordpress\/plugins\/seo\/ -->\n<link rel=\"canonical\" href=\"https:\/\/www.comunello.com\/de\/frameautomation\/kippfenster\/\" \/>\n<meta property=\"og:locale\" content=\"de_DE\" \/>\n<meta property=\"og:type\" content=\"article\" \/>\n<meta property=\"og:title\" content=\"FRAME AUTOMATION \/ Kippfenster - Fratelli COMUNELLO\" \/>\n<meta property=\"og:description\" content=\"[vc_row css_animation=&#8220;&#8220; row_type=&#8220;row&#8220; use_row_as_full_screen_section=&#8220;no&#8220; type=&#8220;full_width&#8220; angled_section=&#8220;no&#8220; text_align=&#8220;left&#8220; background_image_as_pattern=&#8220;without_pattern&#8220;][vc_column][vc_column_text] [\/vc_column_text][\/vc_column][\/vc_row][vc_row css_animation=&#8220;&#8220; row_type=&#8220;row&#8220; use_row_as_full_screen_section=&#8220;no&#8220; type=&#8220;full_width&#8220; angled_section=&#8220;no&#8220; text_align=&#8220;left&#8220; background_image_as_pattern=&#8220;without_pattern&#8220; background_color=&#8220;#dadada&#8220; padding_top=&#8220;0&#8243;][vc_column][vc_column_text css=&#8220;.vc_custom_1511798946525{border-top-width: 20px !important;padding-top: 50px !important;}&#8220;][\/vc_column_text][\/vc_column][\/vc_row][vc_row css_animation=&#8220;&#8220; row_type=&#8220;row&#8220;...\" \/>\n<meta property=\"og:url\" content=\"https:\/\/www.comunello.com\/de\/frameautomation\/kippfenster\/\" \/>\n<meta property=\"og:site_name\" content=\"Fratelli COMUNELLO\" \/>\n<meta property=\"article:modified_time\" content=\"2021-03-03T16:06:20+00:00\" \/>\n<meta name=\"twitter:card\" content=\"summary_large_image\" \/>\n<meta name=\"twitter:label1\" content=\"Gesch\u00e4tzte Lesezeit\">\n\t<meta name=\"twitter:data1\" content=\"4 Minuten\">\n<script type=\"application\/ld+json\" class=\"yoast-schema-graph\">{\"@context\":\"https:\/\/schema.org\",\"@graph\":[{\"@type\":\"WebSite\",\"@id\":\"https:\/\/www.comunello.com\/#website\",\"url\":\"https:\/\/www.comunello.com\/\",\"name\":\"Fratelli COMUNELLO\",\"description\":\"| Life Made Easy\",\"potentialAction\":[{\"@type\":\"SearchAction\",\"target\":\"https:\/\/www.comunello.com\/?s={search_term_string}\",\"query-input\":\"required name=search_term_string\"}],\"inLanguage\":\"de-DE\"},{\"@type\":\"WebPage\",\"@id\":\"https:\/\/www.comunello.com\/de\/frameautomation\/kippfenster\/#webpage\",\"url\":\"https:\/\/www.comunello.com\/de\/frameautomation\/kippfenster\/\",\"name\":\"FRAME AUTOMATION \/ Kippfenster - Fratelli COMUNELLO\",\"isPartOf\":{\"@id\":\"https:\/\/www.comunello.com\/#website\"},\"datePublished\":\"2017-11-27T16:04:19+00:00\",\"dateModified\":\"2021-03-03T16:06:20+00:00\",\"breadcrumb\":{\"@id\":\"https:\/\/www.comunello.com\/de\/frameautomation\/kippfenster\/#breadcrumb\"},\"inLanguage\":\"de-DE\",\"potentialAction\":[{\"@type\":\"ReadAction\",\"target\":[\"https:\/\/www.comunello.com\/de\/frameautomation\/kippfenster\/\"]}]},{\"@type\":\"BreadcrumbList\",\"@id\":\"https:\/\/www.comunello.com\/de\/frameautomation\/kippfenster\/#breadcrumb\",\"itemListElement\":[{\"@type\":\"ListItem\",\"position\":1,\"item\":{\"@type\":\"WebPage\",\"@id\":\"https:\/\/www.comunello.com\/de\/\",\"url\":\"https:\/\/www.comunello.com\/de\/\",\"name\":\"Home\"}},{\"@type\":\"ListItem\",\"position\":2,\"item\":{\"@type\":\"WebPage\",\"@id\":\"https:\/\/www.comunello.com\/de\/frameautomation\/\",\"url\":\"https:\/\/www.comunello.com\/de\/frameautomation\/\",\"name\":\"FRAME AUTOMATION\"}},{\"@type\":\"ListItem\",\"position\":3,\"item\":{\"@type\":\"WebPage\",\"@id\":\"https:\/\/www.comunello.com\/de\/frameautomation\/kippfenster\/\",\"url\":\"https:\/\/www.comunello.com\/de\/frameautomation\/kippfenster\/\",\"name\":\"FRAME AUTOMATION \/ Kippfenster\"}}]}]}<\/script>\n<!-- \/ Yoast SEO plugin. -->","_links":{"self":[{"href":"https:\/\/www.comunello.com\/de\/wp-json\/wp\/v2\/pages\/18996\/"}],"collection":[{"href":"https:\/\/www.comunello.com\/de\/wp-json\/wp\/v2\/pages\/"}],"about":[{"href":"https:\/\/www.comunello.com\/de\/wp-json\/wp\/v2\/types\/page\/"}],"author":[{"embeddable":true,"href":"https:\/\/www.comunello.com\/de\/wp-json\/wp\/v2\/users\/1\/"}],"replies":[{"embeddable":true,"href":"https:\/\/www.comunello.com\/de\/wp-json\/wp\/v2\/comments\/?post=18996"}],"version-history":[{"count":6,"href":"https:\/\/www.comunello.com\/de\/wp-json\/wp\/v2\/pages\/18996\/revisions\/"}],"predecessor-version":[{"id":30712,"href":"https:\/\/www.comunello.com\/de\/wp-json\/wp\/v2\/pages\/18996\/revisions\/30712\/"}],"up":[{"embeddable":true,"href":"https:\/\/www.comunello.com\/de\/wp-json\/wp\/v2\/pages\/1955\/"}],"wp:attachment":[{"href":"https:\/\/www.comunello.com\/de\/wp-json\/wp\/v2\/media\/?parent=18996"}],"curies":[{"name":"wp","href":"https:\/\/api.w.org\/{rel}","templated":true}]}}